{"id":954,"date":"2016-07-15T14:19:56","date_gmt":"2016-07-15T14:19:56","guid":{"rendered":"http:\/\/test.kriesi.at\/enfold-medical\/?page_id=954"},"modified":"2024-02-04T23:33:08","modified_gmt":"2024-02-04T20:33:08","slug":"contact-us","status":"publish","type":"page","link":"https:\/\/galleryhoneywinter.com\/en\/contact-us\/","title":{"rendered":"Contact Us"},"content":{"rendered":"<div id='av_section_1'  class='avia-section main_color avia-section-small avia-no-border-styling  avia-bg-style-scroll  avia-builder-el-0  el_before_av_google_map  avia-builder-el-first   container_wrap fullsize' style=' margin-top:15px; margin-bottom:15px; '  ><div class='container' ><main  role=\"main\" itemprop=\"mainContentOfPage\"  class='template-page content  av-content-full alpha units'><div class='post-entry post-entry-type-page post-entry-954'><div class='entry-content-wrapper clearfix'>\n<div class=\"flex_column av_one_half  av-animated-generic bottom-to-top  flex_column_div av-zero-column-padding first  avia-builder-el-1  el_before_av_one_half  avia-builder-el-first  \" style='border-radius:0px; '><p><div  style='padding-bottom:10px; ' class='av-special-heading av-special-heading-h3  blockquote modern-quote modern-centered  avia-builder-el-2  el_before_av_contact  avia-builder-el-first  '><h3 class='av-special-heading-tag '  itemprop=\"headline\"  >Contact Form<\/h3><div class ='av-subheading av-subheading_below  ' style='font-size:15px;'><p>We provide our customers all around the world with unique and result-oriented solutions. You can contact us anytime for your inquiries or comments!<\/p>\n<\/div><div class='special-heading-border'><div class='special-heading-inner-border' ><\/div><\/div><\/div><br \/>\n<form action=\"https:\/\/galleryhoneywinter.com\/en\/contact-us\/\" method=\"post\"  class=\"avia_ajax_form av-form-labels-hidden   avia-builder-el-3  el_after_av_heading  avia-builder-el-last   \" data-avia-form-id=\"1\" data-avia-redirect='' ><fieldset><p class='  first_form  form_element form_element_half' id='element_avia_1_1'><label for=\"avia_1_1\">Name & Surname <abbr class=\"required\" title=\"required\">*<\/abbr><\/label> <input name=\"avia_1_1\" class=\"text_input is_empty\" type=\"text\" id=\"avia_1_1\" value=\"\"  placeholder='Name & Surname*'\/><\/p><p class='  form_element form_element_half' id='element_avia_2_1'><label for=\"avia_2_1\">Your e-mail address <abbr class=\"required\" title=\"required\">*<\/abbr><\/label> <input name=\"avia_2_1\" class=\"text_input is_email\" type=\"text\" id=\"avia_2_1\" value=\"\"  placeholder='Your e-mail address*'\/><\/p><p class=' first_form  form_element form_element_half' id='element_avia_3_1'><label for=\"avia_3_1\">Subject (please select) <abbr class=\"required\" title=\"required\">*<\/abbr><\/label> <select  name=\"avia_3_1\" class=\"select is_empty\" id=\"avia_3_1\"><option  value =''>Subject (please select)*<\/option><option  value ='Information Request'>Information Request<\/option><option  value ='Inquiry'>Inquiry<\/option><option  value ='Suggestion'>Suggestion<\/option><option  value ='Complaint'>Complaint<\/option><\/select><\/p><p class='  form_element form_element_half' id='element_avia_4_1'><label for=\"avia_4_1\">Your telephone\/contact no. <abbr class=\"required\" title=\"required\">*<\/abbr><\/label> <input name=\"avia_4_1\" class=\"text_input is_phone\" type=\"text\" id=\"avia_4_1\" value=\"\"  placeholder='Your telephone\/contact no.*'\/><\/p><p class='  first_form  form_element form_fullwidth av-last-visible-form-element' id='element_avia_5_1'><label for=\"avia_5_1\" class=\"textare_label hidden textare_label_avia_5_1\">Please enter your message here. <abbr class=\"required\" title=\"required\">*<\/abbr><\/label><textarea  placeholder='Please enter your message here.*' name=\"avia_5_1\" class=\"text_area is_empty\" cols=\"40\" rows=\"7\" id=\"avia_5_1\" ><\/textarea><\/p><p class=\"hidden\"><input type=\"text\" name=\"avia_6_1\" class=\"hidden \" id=\"avia_6_1\" value=\"\" \/><\/p><p class=\"form_element \"><input type=\"hidden\" value=\"1\" name=\"avia_generated_form1\" \/><input type=\"submit\" value=\"Send\" class=\"button\"  data-sending-label=\"Sending\"\/><\/p><\/fieldset><\/form><div id=\"ajaxresponse_1\" class=\"ajaxresponse ajaxresponse_1 hidden\"><\/div><\/p><\/div><div class=\"flex_column av_one_half  av-animated-generic bottom-to-top  flex_column_div av-zero-column-padding   avia-builder-el-4  el_after_av_one_half  avia-builder-el-last  \" style='border-radius:0px; '><p><div  style='padding-bottom:10px; color:#000000;' class='av-special-heading av-special-heading-h3 custom-color-heading blockquote modern-quote modern-centered  avia-builder-el-5  el_before_av_textblock  avia-builder-el-first  '><h3 class='av-special-heading-tag '  itemprop=\"headline\"  >GALLERY HONEYWINTER<\/h3><div class='special-heading-border'><div class='special-heading-inner-border' style='border-color:#000000'><\/div><\/div><\/div><br \/>\n<section class=\"av_textblock_section \"  itemscope=\"itemscope\" itemtype=\"https:\/\/schema.org\/CreativeWork\" ><div class='avia_textblock  '   itemprop=\"text\" ><p style=\"text-align: center;\">Address: Yukar\u0131 Dudullu Mah. \u00c7a\u011flar Sk. No.30\/A D.1 \u00dcmraniye 34775, \u0130stanbul \/ T\u00fcrkiye<\/p>\n<p style=\"text-align: center;\">Tel &#038; WhatsApp: +90 532 395 80 92<\/p>\n<p style=\"text-align: center;\">Inquiries &#038; WhatsApp: +90 532 704 19 88<\/p>\n<p style=\"text-align: center;\">E-Mail:\u00a0<a href=\"mailto:info@galleryhoneywinter.com\">info@galleryhoneywinter.com<\/a><\/p>\n<p style=\"text-align: center;\">\u00a0 \u00a0 \u00a0 \u00a0 \u00a0 \u00a0 \u00a0 \u00a0 \u00a0<a href=\"mailto:serhat@galleryhoneywinter.com\">serhat@galleryhoneywinter.com<\/a><\/p>\n<p style=\"text-align: center;\">\u00a0 \u00a0 \u00a0 \u00a0 \u00a0 \u00a0 \u00a0 \u00a0 <a href=\"mailto:ufkun@galleryhoneywinter.com\">ufkun@galleryhoneywinter.com<\/a><\/p>\n<p style=\"text-align: center;\">Instagram: <a href=\"https:\/\/www.instagram.com\/accounts\/login\/?next=\/galleryhoneywinter\/\">GalleryHoneyWinter<\/a><\/p>\n<p style=\"text-align: center;\">Pinterest: <a href=\"https:\/\/tr.pinterest.com\/GalleryHoneyWinter\/?invite_code=079611902cd04b588fbee1bd6253513d&#038;sender=976225794135179534\">GalleryHoneyWinter<\/a><\/p>\n<p style=\"text-align: center;\">Etsy store: <a href=\"https:\/\/www.etsy.com\/shop\/HoneyWinterBySerhat?ref=simple-shop-header-name&#038;listing_id=958572837\">GalleryHoneyWinter|Etsy<\/a><\/p>\n<p style=\"text-align: center;\"><a href=\"http:\/\/www.galleryhoneywinter.com\">www.galleryhoneywinter.com<\/a><\/p>\n<\/div><\/section><\/p><\/div>\n\n<div  class='av_gmaps_sc_main_wrap av_gmaps_main_wrap '><div id='av_gmap_0' class='avia-google-map-container avia-google-map-sc av_gmaps_show_unconditionally av-no-fallback-img ' data-mapid='av_gmap_0'  style='height: 300px;'><a class=\"av_gmaps_browser_disabled av_text_confirm_link av_text_confirm_link_visible\" href=\"https:\/\/www.google.com\/maps\/search\/?api=1&#038;query=Yukar\u0131%20Dudullu%20Mh.%20\u00c7a\u011flar%20Sk.%20No.30\/A%20D:1%2034775%20T\u00fcrkiye%20\u00dcmraniye%20%20TR\" target=\"_blank\" rel=\"noopener\">Maps were disabled by the visitor on this site. Click to open the map in a new window.<\/a><\/div><\/div>\n","protected":false},"excerpt":{"rendered":"","protected":false},"author":1,"featured_media":0,"parent":0,"menu_order":0,"comment_status":"closed","ping_status":"closed","template":"","meta":{"footnotes":""},"class_list":["post-954","page","type-page","status-publish","hentry"],"_links":{"self":[{"href":"https:\/\/galleryhoneywinter.com\/en\/wp-json\/wp\/v2\/pages\/954","targetHints":{"allow":["GET"]}}],"collection":[{"href":"https:\/\/galleryhoneywinter.com\/en\/wp-json\/wp\/v2\/pages"}],"about":[{"href":"https:\/\/galleryhoneywinter.com\/en\/wp-json\/wp\/v2\/types\/page"}],"author":[{"embeddable":true,"href":"https:\/\/galleryhoneywinter.com\/en\/wp-json\/wp\/v2\/users\/1"}],"replies":[{"embeddable":true,"href":"https:\/\/galleryhoneywinter.com\/en\/wp-json\/wp\/v2\/comments?post=954"}],"version-history":[{"count":71,"href":"https:\/\/galleryhoneywinter.com\/en\/wp-json\/wp\/v2\/pages\/954\/revisions"}],"predecessor-version":[{"id":2005,"href":"https:\/\/galleryhoneywinter.com\/en\/wp-json\/wp\/v2\/pages\/954\/revisions\/2005"}],"wp:attachment":[{"href":"https:\/\/galleryhoneywinter.com\/en\/wp-json\/wp\/v2\/media?parent=954"}],"curies":[{"name":"wp","href":"https:\/\/api.w.org\/{rel}","templated":true}]}}