{"id":1161,"date":"2021-12-22T23:58:58","date_gmt":"2021-12-22T20:58:58","guid":{"rendered":"https:\/\/galleryhoneywinter.com\/en\/\/?page_id=1161"},"modified":"2024-11-17T13:19:46","modified_gmt":"2024-11-17T10:19:46","slug":"about-us","status":"publish","type":"page","link":"https:\/\/galleryhoneywinter.com\/en\/about-us\/","title":{"rendered":"About Us"},"content":{"rendered":"<div class=\"flex_column av_one_half  flex_column_div av-zero-column-padding first  avia-builder-el-0  el_before_av_one_half  avia-builder-el-first  \" style='border-radius:0px; '><p><div  style='padding-bottom:10px; ' class='av-special-heading av-special-heading-h3  blockquote modern-quote  avia-builder-el-1  el_before_av_textblock  avia-builder-el-first  '><h3 class='av-special-heading-tag '  itemprop=\"headline\"  >About Gallery Honeywinter<\/h3><div class='special-heading-border'><div class='special-heading-inner-border' ><\/div><\/div><\/div><br \/>\n<section class=\"av_textblock_section \"  itemscope=\"itemscope\" itemtype=\"https:\/\/schema.org\/CreativeWork\" ><div class='avia_textblock  '   itemprop=\"text\" ><p>Supplying custom-manufactured, elegantly gilded (gold, silver, or bronze\/imitation), luxurious, high-quality bespoke furniture along with stylishly designed and practical decorative objects, <strong>Gallery Honeywinter<\/strong> serves classy excellence.<\/p>\n<p>With the talent and deep experience they gained in more than fifty years, our family elders, who are true masters of their work, have been involved in many distinguished projects both in our country and abroad. With the guidance of the business, moral, and ethical manners we have inherited from them, we are proud to carry out the quality production for your custom-designed furniture in every model and custom-made household goods in line with your personal preferences and requirements in our workshops, using both traditional and modern techniques of detailed and meticulous handcrafted gilding art and workmanship.<\/p>\n<\/div><\/section><\/p><\/div>\n<div class=\"flex_column av_one_half  flex_column_div av-zero-column-padding   avia-builder-el-3  el_after_av_one_half  el_before_av_textblock  \" style='border-radius:0px; '><div  class='avia-video avia-video-16-9   av-lazyload-immediate  av-lazyload-video-embed  '   itemprop=\"video\" itemtype=\"https:\/\/schema.org\/VideoObject\"  data-original_url='https:\/\/vimeo.com\/659453520' ><script type='text\/html' class='av-video-tmpl'><div class='avia-iframe-wrap'><iframe loading=\"lazy\" title=\"Gallery Honey Winter\" src=\"https:\/\/player.vimeo.com\/video\/659453520?dnt=1&amp;app_id=122963&autoplay=1&loop=0&controls=0&muted=1\" width=\"1500\" height=\"844\" frameborder=\"0\" allow=\"autoplay; fullscreen; picture-in-picture; clipboard-write\"><\/iframe><\/div><\/script><div class='av-click-to-play-overlay'><div class=\"avia_playpause_icon\"><\/div><\/div><\/div><\/div>\n<section class=\"av_textblock_section \"  itemscope=\"itemscope\" itemtype=\"https:\/\/schema.org\/CreativeWork\" ><div class='avia_textblock  '   itemprop=\"text\" ><p>That is why we named our brand <strong><em>Honeywinter<\/em><\/strong>, the exact English translation of our family name: <strong><em>Balk\u0131\u015f<\/em><\/strong><\/p>\n<p>With the happiness and excitement of having implemented our online stores in various international marketplaces in 2021, we are working to improve ourselves every day by focusing on e-commerce and exports \u2013mainly to the USA, Canada, United Kingdom, and many other overseas target countries.<\/p>\n<p>If you\u2019d like to visit our <strong>Etsy<\/strong> store: <strong><a href=\"https:\/\/www.etsy.com\/shop\/HoneyWinterBySerhat?ref=simple-shop-header-name&#038;listing_id=958572837\">GalleryHoneyWinter|Etsy<\/a><\/strong><\/p>\n<\/div><\/section>\n<div  style='padding-bottom:10px; ' class='av-special-heading av-special-heading-h2  blockquote modern-quote modern-centered  avia-builder-el-6  el_after_av_textblock  el_before_av_one_half  '><h2 class='av-special-heading-tag '  itemprop=\"headline\"  >Who are we?<\/h2><div class='special-heading-border'><div class='special-heading-inner-border' ><\/div><\/div><\/div>\n<div class=\"flex_column av_one_half  flex_column_div av-zero-column-padding first  avia-builder-el-7  el_after_av_heading  el_before_av_one_half  \" style='border-radius:0px; '><p><div  style='padding-bottom:10px; ' class='av-special-heading av-special-heading-h3    avia-builder-el-8  el_before_av_textblock  avia-builder-el-first  '><h3 class='av-special-heading-tag '  itemprop=\"headline\"  >\u015e\u00fckr\u00fc BALKI\u015e<\/h3><div class='special-heading-border'><div class='special-heading-inner-border' ><\/div><\/div><\/div><br \/>\n<section class=\"av_textblock_section \"  itemscope=\"itemscope\" itemtype=\"https:\/\/schema.org\/CreativeWork\" ><div class='avia_textblock  '   itemprop=\"text\" ><p>Having been one of the most talented and important gilding masters of Turkiye, our father, <strong>\u015e\u00fckr\u00fc Balk\u0131\u015f<\/strong>, started his career as an apprentice engraver in an old furniture repair shop in 1964 and then continued to work with a renowned gilding master of the time. After learning the art of gilding and all its details from his master for more than 10 years and improving himself, he founded his own workshop in 1977 and grew with both his business potential and his team in the following years.<\/p>\n<p><strong>Some of the important clients and works in its portfolio are (but are not limited to):<\/strong><\/p>\n<\/div><\/section><\/p><\/div>\n<div class=\"flex_column av_one_half  flex_column_div av-zero-column-padding   avia-builder-el-10  el_after_av_one_half  el_before_av_textblock  \" style='border-radius:0px; '><div  class='avia-image-container  av-styling-circle    avia-builder-el-11  avia-builder-el-no-sibling  avia-align-center '  itemprop=\"image\" itemscope=\"itemscope\" itemtype=\"https:\/\/schema.org\/ImageObject\"  ><div class='avia-image-container-inner'><div class='avia-image-overlay-wrap'><img decoding=\"async\" class='wp-image-1167 avia-img-lazy-loading-not-1167 avia_image' src=\"https:\/\/galleryhoneywinter.com\/en\/wp-content\/uploads\/sukrubalkis.jpg\" alt='' title='sukrubalkis' height=\"300\" width=\"300\"  itemprop=\"thumbnailUrl\" srcset=\"https:\/\/galleryhoneywinter.com\/en\/wp-content\/uploads\/sukrubalkis.jpg 300w, https:\/\/galleryhoneywinter.com\/en\/wp-content\/uploads\/sukrubalkis-80x80.jpg 80w, https:\/\/galleryhoneywinter.com\/en\/wp-content\/uploads\/sukrubalkis-36x36.jpg 36w, https:\/\/galleryhoneywinter.com\/en\/wp-content\/uploads\/sukrubalkis-180x180.jpg 180w\" sizes=\"(max-width: 300px) 100vw, 300px\" \/><\/div><\/div><\/div><\/div>\n<section class=\"av_textblock_section \"  itemscope=\"itemscope\" itemtype=\"https:\/\/schema.org\/CreativeWork\" ><div class='avia_textblock  '   itemprop=\"text\" ><p>* The Ko\u00e7 Family<br \/>\n* The Simavi Family<br \/>\n* Special renovation orders by many famous and important singers, actors, actresses and artists, especially between 1970 and 2000<br \/>\n* The general restoration project of Sait Halim Pasha Mansion which included the renovation of gilded furniture, and decoratives.<\/p>\n<p>* The general restoration project for the Mabeyn Mansion in the Yildiz Palace, which included the renovation of the gilded furniture, decoratives, etc. (under the supervision of The Turkish Presidency of the Republic of Turkiye.)<\/p>\n<\/div><\/section>\n<div class=\"flex_column av_one_half  flex_column_div av-zero-column-padding first  avia-builder-el-13  el_after_av_textblock  el_before_av_one_half  column-top-margin\" style='border-radius:0px; '><div  class='avia-image-container  av-styling-circle    avia-builder-el-14  avia-builder-el-no-sibling  avia-align-center '  itemprop=\"image\" itemscope=\"itemscope\" itemtype=\"https:\/\/schema.org\/ImageObject\"  ><div class='avia-image-container-inner'><div class='avia-image-overlay-wrap'><img decoding=\"async\" class='wp-image-1171 avia-img-lazy-loading-not-1171 avia_image' src=\"https:\/\/galleryhoneywinter.com\/en\/wp-content\/uploads\/fikribalkis.jpg\" alt='' title='fikribalkis' height=\"300\" width=\"300\"  itemprop=\"thumbnailUrl\" srcset=\"https:\/\/galleryhoneywinter.com\/en\/wp-content\/uploads\/fikribalkis.jpg 300w, https:\/\/galleryhoneywinter.com\/en\/wp-content\/uploads\/fikribalkis-80x80.jpg 80w, https:\/\/galleryhoneywinter.com\/en\/wp-content\/uploads\/fikribalkis-36x36.jpg 36w, https:\/\/galleryhoneywinter.com\/en\/wp-content\/uploads\/fikribalkis-180x180.jpg 180w\" sizes=\"(max-width: 300px) 100vw, 300px\" \/><\/div><\/div><\/div><\/div>\n<div class=\"flex_column av_one_half  flex_column_div av-zero-column-padding   avia-builder-el-15  el_after_av_one_half  el_before_av_one_half  column-top-margin\" style='border-radius:0px; '><p><div  style='padding-bottom:10px; ' class='av-special-heading av-special-heading-h3    avia-builder-el-16  el_before_av_textblock  avia-builder-el-first  '><h3 class='av-special-heading-tag '  itemprop=\"headline\"  >F\u0130KR\u0130 BALKI\u015e<\/h3><div class='special-heading-border'><div class='special-heading-inner-border' ><\/div><\/div><\/div><br \/>\n<section class=\"av_textblock_section \"  itemscope=\"itemscope\" itemtype=\"https:\/\/schema.org\/CreativeWork\" ><div class='avia_textblock  '   itemprop=\"text\" ><p>Our uncle, <strong>Fikri Balk\u0131\u015f<\/strong>, who has been working and teaching in his workshop since the early 1980s, is also one of the most talented gilding masters of our country while having other investments in different business lines and fields, too.<\/p>\n<p style=\"text-align: left;\"><strong>Some of the key clients and works in his broad portfolio include (but are not limited to):<\/strong><\/p>\n<p style=\"text-align: left;\">* The gilding works of the Ciragan Palace Kempinski Hotel, Istanbul,<\/p>\n<p style=\"text-align: left;\">* The gilding works of Rixos The Palm Hotel that he has performed personally on-site in Dubai, UAE.<\/p>\n<\/div><\/section><\/p><\/div>\n<div class=\"flex_column av_one_half  flex_column_div av-zero-column-padding first  avia-builder-el-18  el_after_av_one_half  el_before_av_one_half  column-top-margin\" style='border-radius:0px; '><p><div  style='padding-bottom:10px; ' class='av-special-heading av-special-heading-h3    avia-builder-el-19  el_before_av_textblock  avia-builder-el-first  '><h3 class='av-special-heading-tag '  itemprop=\"headline\"  >UFKUN BALKI\u015e<\/h3><div class='special-heading-border'><div class='special-heading-inner-border' ><\/div><\/div><\/div><br \/>\n<section class=\"av_textblock_section \"  itemscope=\"itemscope\" itemtype=\"https:\/\/schema.org\/CreativeWork\" ><div class='avia_textblock  '   itemprop=\"text\" ><p><strong>Ufkun<\/strong> was born in 1977, in Istanbul. Having graduated from the Department of Geology at Istanbul Technical University, he started to work in international trade (export sales of marble and natural stones, imports of 1st\/2nd quality galvanized painted and stainless steel). Between 2005-2014, he worked at various Turkish publishing houses. Starting from the year 2014, he worked at several international firms including a Dubai-based exhibition stand design-construction company and a Spanish law firm in Istanbul.<\/p>\n<\/div><\/section><\/p><\/div><div class=\"flex_column av_one_half  flex_column_div av-zero-column-padding   avia-builder-el-21  el_after_av_one_half  el_before_av_textblock  column-top-margin\" style='border-radius:0px; '><div  class='avia-image-container  av-styling-circle    avia-builder-el-22  avia-builder-el-no-sibling  avia-align-center '  itemprop=\"image\" itemscope=\"itemscope\" itemtype=\"https:\/\/schema.org\/ImageObject\"  ><div class='avia-image-container-inner'><div class='avia-image-overlay-wrap'><img decoding=\"async\" class='wp-image-1174 avia-img-lazy-loading-not-1174 avia_image' src=\"https:\/\/galleryhoneywinter.com\/en\/wp-content\/uploads\/ufkunbalkis.jpg\" alt='' title='ufkunbalkis' height=\"300\" width=\"300\"  itemprop=\"thumbnailUrl\" srcset=\"https:\/\/galleryhoneywinter.com\/en\/wp-content\/uploads\/ufkunbalkis.jpg 300w, https:\/\/galleryhoneywinter.com\/en\/wp-content\/uploads\/ufkunbalkis-80x80.jpg 80w, https:\/\/galleryhoneywinter.com\/en\/wp-content\/uploads\/ufkunbalkis-36x36.jpg 36w, https:\/\/galleryhoneywinter.com\/en\/wp-content\/uploads\/ufkunbalkis-180x180.jpg 180w\" sizes=\"(max-width: 300px) 100vw, 300px\" \/><\/div><\/div><\/div><\/div><\/p>\n<section class=\"av_textblock_section \"  itemscope=\"itemscope\" itemtype=\"https:\/\/schema.org\/CreativeWork\" ><div class='avia_textblock  '   itemprop=\"text\" ><p>To date, he&#8217;s been to D\u00fcsseldorf (Germany), Antwerp (Belgium), Paris (France), Dubai (UAE), and Kolkata (India) for business purposes. He is the author of two fiction novels published in 2008 and 2013 respectively. He also completed the Turkish-English translation and rewriting of his fiction novel <a href=\"https:\/\/www.amazon.com\/Bridge-Ufkun-Balkis-ebook\/dp\/B08RXXXY59\/ref=tmm_kin_swatch_0?_encoding=UTF8&#038;qid=&#038;sr=\"><strong><em>The Bridge<\/em><\/strong><\/a> (Tur. <em><strong>K\u00f6pr\u00fc<\/strong><\/em>), and self-published both the ebook and paperback editions via <a href=\"https:\/\/www.amazon.com\/Bridge-Ufkun-Balkis\/dp\/B08T48HPBG\/ref=tmm_pap_swatch_0?_encoding=UTF8&#038;qid=&#038;sr=\"><strong>Amazon Kindle Direct Publishing<\/strong><\/a> in January 2021.<\/p>\n<\/div><\/section>\n<div class=\"flex_column av_one_half  flex_column_div av-zero-column-padding first  avia-builder-el-24  el_after_av_textblock  el_before_av_one_half  column-top-margin\" style='border-radius:0px; '><p><br \/>\n<div  class='avia-image-container  av-styling-circle    avia-builder-el-26  el_after_av_image  avia-builder-el-last  avia-align-center '  itemprop=\"image\" itemscope=\"itemscope\" itemtype=\"https:\/\/schema.org\/ImageObject\"  ><div class='avia-image-container-inner'><div class='avia-image-overlay-wrap'><img decoding=\"async\" class='wp-image-1613 avia-img-lazy-loading-not-1613 avia_image' src=\"https:\/\/galleryhoneywinter.com\/en\/wp-content\/uploads\/serhatbalkis.jpeg\" alt='' title='serhatbalkis' height=\"300\" width=\"300\"  itemprop=\"thumbnailUrl\" srcset=\"https:\/\/galleryhoneywinter.com\/en\/wp-content\/uploads\/serhatbalkis.jpeg 300w, https:\/\/galleryhoneywinter.com\/en\/wp-content\/uploads\/serhatbalkis-80x80.jpeg 80w, https:\/\/galleryhoneywinter.com\/en\/wp-content\/uploads\/serhatbalkis-36x36.jpeg 36w, https:\/\/galleryhoneywinter.com\/en\/wp-content\/uploads\/serhatbalkis-180x180.jpeg 180w\" sizes=\"(max-width: 300px) 100vw, 300px\" \/><\/div><\/div><\/div><\/p><\/div>\n<div class=\"flex_column av_one_half  flex_column_div av-zero-column-padding   avia-builder-el-27  el_after_av_one_half  avia-builder-el-last  column-top-margin\" style='border-radius:0px; '><p><div  style='padding-bottom:10px; ' class='av-special-heading av-special-heading-h3    avia-builder-el-28  el_before_av_textblock  avia-builder-el-first  '><h3 class='av-special-heading-tag '  itemprop=\"headline\"  >SERHAT BALKI\u015e<\/h3><div class='special-heading-border'><div class='special-heading-inner-border' ><\/div><\/div><\/div><br \/>\n<section class=\"av_textblock_section \"  itemscope=\"itemscope\" itemtype=\"https:\/\/schema.org\/CreativeWork\" ><div class='avia_textblock  '   itemprop=\"text\" ><p>The younger one of two brothers, <strong>Serhat<\/strong>, was born in 1981, in Istanbul. After graduating from the Department of Tourism Operation and Travel Agency Management at Istanbul University, he completed the Department of Business Administration at Eski\u015fehir Anadolu University. He worked for various tourism firms and corporate companies operating in different sectors for long years. In addition to his touristic trips to the Netherlands and Germany, he has also been to Italy for business purposes. He is trying to contribute to the gilding artwork which is our family business for long years now, with the priceless guidance and the tradition both our father and uncle have started. In this direction, he is with you in the gilded adventure of the <strong>Gallery Honeywinter<\/strong> brand which develops and grows day by day with your precious support. Thank you!<\/p>\n<p><strong>Serhat<\/strong> has been married since 2012. Everything he does, he does it for his loving wife, <strong>Burcu<\/strong>, and their lovely daughter, <strong>Naz<\/strong>.<\/p>\n<\/div><\/section><\/p><\/div>\n","protected":false},"excerpt":{"rendered":"","protected":false},"author":1,"featured_media":0,"parent":0,"menu_order":0,"comment_status":"closed","ping_status":"closed","template":"","meta":{"footnotes":""},"class_list":["post-1161","page","type-page","status-publish","hentry"],"_links":{"self":[{"href":"https:\/\/galleryhoneywinter.com\/en\/wp-json\/wp\/v2\/pages\/1161","targetHints":{"allow":["GET"]}}],"collection":[{"href":"https:\/\/galleryhoneywinter.com\/en\/wp-json\/wp\/v2\/pages"}],"about":[{"href":"https:\/\/galleryhoneywinter.com\/en\/wp-json\/wp\/v2\/types\/page"}],"author":[{"embeddable":true,"href":"https:\/\/galleryhoneywinter.com\/en\/wp-json\/wp\/v2\/users\/1"}],"replies":[{"embeddable":true,"href":"https:\/\/galleryhoneywinter.com\/en\/wp-json\/wp\/v2\/comments?post=1161"}],"version-history":[{"count":70,"href":"https:\/\/galleryhoneywinter.com\/en\/wp-json\/wp\/v2\/pages\/1161\/revisions"}],"predecessor-version":[{"id":2009,"href":"https:\/\/galleryhoneywinter.com\/en\/wp-json\/wp\/v2\/pages\/1161\/revisions\/2009"}],"wp:attachment":[{"href":"https:\/\/galleryhoneywinter.com\/en\/wp-json\/wp\/v2\/media?parent=1161"}],"curies":[{"name":"wp","href":"https:\/\/api.w.org\/{rel}","templated":true}]}}